{"id":7,"date":"2018-10-29T11:02:52","date_gmt":"2018-10-29T11:02:52","guid":{"rendered":"http:\/\/totalplast.nl\/?page_id=7"},"modified":"2020-07-17T15:05:03","modified_gmt":"2020-07-17T15:05:03","slug":"reparatie","status":"publish","type":"page","link":"https:\/\/totalplast.nl\/de\/reparatie\/","title":{"rendered":"Reparatur"},"content":{"rendered":"<p>Totalplast ist seit mehr als 10 Jahren erfolgreich auf dem Gebiet der Kunststoffreparaturen in den Beneluxl\u00e4ndern, Deutschland, Frankreich und D\u00e4nemark t\u00e4tig. Unsere Qualit\u00e4t liegt aufgrund der ISO 22000-Zertifizierung in der Lebensmittelsicherheit und wir arbeiten gem\u00e4\u00df den Richtlinien der international anerkannten DVS-2212 und 2221. Da wir bei unseren Reparaturen nach Perfektion streben, gew\u00e4hren wir auch eine Garantie auf die von uns ausgef\u00fchrten Reparaturarbeiten mit sehr schnellen Durchlaufzeiten.\u00a0Wir k\u00f6nnen die Reparaturarbeiten sowohl vor Ort als auch in unserer Werkstatt durchf\u00fchren. Haben Sie noch Fragen, lesen Sie dann unsere\u00a0<a href=\"http:\/\/totalplast.nl\/faq\/\">F.A.Q.<\/a>\u00a0oder nehmen Sie\u00a0<a href=\"http:\/\/totalplast.nl\/contact\/\">Kontakt<\/a>\u00a0mit uns auf.<\/p>","protected":false},"excerpt":{"rendered":"<p>Totalplast ist seit mehr als 10 Jahren erfolgreich auf dem Gebiet der Kunststoffreparaturen in den Beneluxl\u00e4ndern, Deutschland, Frankreich und D\u00e4nemark t\u00e4tig. Unsere Qualit\u00e4t liegt aufgrund der ISO 22000-Zertifizierung in der Lebensmittelsicherheit und wir arbeiten gem\u00e4\u00df den Richtlinien der international anerkannten DVS-2212 und 2221. Da wir bei unseren Reparaturen nach Perfektion streben, gew\u00e4hren wir auch eine Garantie auf die von uns&#8230;<\/p>\n","protected":false},"author":1,"featured_media":412,"parent":0,"menu_order":0,"comment_status":"closed","ping_status":"closed","template":"","meta":[],"_links":{"self":[{"href":"https:\/\/totalplast.nl\/de\/wp-json\/wp\/v2\/pages\/7"}],"collection":[{"href":"https:\/\/totalplast.nl\/de\/wp-json\/wp\/v2\/pages"}],"about":[{"href":"https:\/\/totalplast.nl\/de\/wp-json\/wp\/v2\/types\/page"}],"author":[{"embeddable":true,"href":"https:\/\/totalplast.nl\/de\/wp-json\/wp\/v2\/users\/1"}],"replies":[{"embeddable":true,"href":"https:\/\/totalplast.nl\/de\/wp-json\/wp\/v2\/comments?post=7"}],"version-history":[{"count":45,"href":"https:\/\/totalplast.nl\/de\/wp-json\/wp\/v2\/pages\/7\/revisions"}],"predecessor-version":[{"id":639,"href":"https:\/\/totalplast.nl\/de\/wp-json\/wp\/v2\/pages\/7\/revisions\/639"}],"wp:featuredmedia":[{"embeddable":true,"href":"https:\/\/totalplast.nl\/de\/wp-json\/wp\/v2\/media\/412"}],"wp:attachment":[{"href":"https:\/\/totalplast.nl\/de\/wp-json\/wp\/v2\/media?parent=7"}],"curies":[{"name":"wp","href":"https:\/\/api.w.org\/{rel}","templated":true}]}}