{"id":39,"date":"2018-10-30T12:11:01","date_gmt":"2018-10-30T12:11:01","guid":{"rendered":"http:\/\/totalplast.nl\/?page_id=39"},"modified":"2020-07-17T14:53:11","modified_gmt":"2020-07-17T14:53:11","slug":"reinigen","status":"publish","type":"page","link":"https:\/\/totalplast.nl\/de\/reinigen\/","title":{"rendered":"Reinigung"},"content":{"rendered":"<p><\/p>\n<p style=\"line-height: 18.75pt; background: white; margin: 0cm 0cm 7.5pt 0cm;\"><span style=\"font-size: 11.5pt; font-family: 'gillsans',serif; color: #2b2b2b;\">Totalplast verf\u00fcgt \u00fcber die geeigneten Vorrichtungen zur professionellen Reinigung Ihrer Verpackungen, sowohl vor als auch nach der Reparatur. Wenn Sie wissen m\u00f6chten, was wir f\u00fcr Sie tun k\u00f6nnen, nehmen Sie bitte Kontakt\u00a0\u00fcber die Kontaktseite auf.<\/span><\/p>\n<p><\/p>","protected":false},"excerpt":{"rendered":"<p>Totalplast verf\u00fcgt \u00fcber die geeigneten Vorrichtungen zur professionellen Reinigung Ihrer Verpackungen, sowohl vor als auch nach der Reparatur. Wenn Sie wissen m\u00f6chten, was wir f\u00fcr Sie tun k\u00f6nnen, nehmen Sie bitte Kontakt\u00a0\u00fcber die Kontaktseite auf.<\/p>\n","protected":false},"author":1,"featured_media":168,"parent":0,"menu_order":0,"comment_status":"closed","ping_status":"closed","template":"page.php","meta":[],"_links":{"self":[{"href":"https:\/\/totalplast.nl\/de\/wp-json\/wp\/v2\/pages\/39"}],"collection":[{"href":"https:\/\/totalplast.nl\/de\/wp-json\/wp\/v2\/pages"}],"about":[{"href":"https:\/\/totalplast.nl\/de\/wp-json\/wp\/v2\/types\/page"}],"author":[{"embeddable":true,"href":"https:\/\/totalplast.nl\/de\/wp-json\/wp\/v2\/users\/1"}],"replies":[{"embeddable":true,"href":"https:\/\/totalplast.nl\/de\/wp-json\/wp\/v2\/comments?post=39"}],"version-history":[{"count":11,"href":"https:\/\/totalplast.nl\/de\/wp-json\/wp\/v2\/pages\/39\/revisions"}],"predecessor-version":[{"id":637,"href":"https:\/\/totalplast.nl\/de\/wp-json\/wp\/v2\/pages\/39\/revisions\/637"}],"wp:featuredmedia":[{"embeddable":true,"href":"https:\/\/totalplast.nl\/de\/wp-json\/wp\/v2\/media\/168"}],"wp:attachment":[{"href":"https:\/\/totalplast.nl\/de\/wp-json\/wp\/v2\/media?parent=39"}],"curies":[{"name":"wp","href":"https:\/\/api.w.org\/{rel}","templated":true}]}}