{"id":37,"date":"2018-10-30T12:10:47","date_gmt":"2018-10-30T12:10:47","guid":{"rendered":"http:\/\/totalplast.nl\/?page_id=37"},"modified":"2020-07-17T14:19:33","modified_gmt":"2020-07-17T14:19:33","slug":"bedrukken","status":"publish","type":"page","link":"https:\/\/totalplast.nl\/de\/bedrukken\/","title":{"rendered":"Bedr\u00fccken"},"content":{"rendered":"<p><\/p>\n<div class=\"paragraph\">\n<p>Totalplast bietet eine breite Palette von M\u00f6glichkeiten f\u00fcr die Registrierung Ihrer Palettenboxen, Dolav-Produkte und anderer Verpackungen. Eine Registrierung hat die folgenden Vorteile:<\/p>\n<ul>\n<li>Identifizierung durch Anbringen Ihres Firmennamens oder Ihrer Initialen.<\/li>\n<li>\u00dcbersicht der Anzahl der Palettenboxen, die Sie aktuell verwenden.<\/li>\n<li>\u00dcbersicht \u00fcber die Ausfallrate.<\/li>\n<li>Registrierung des Ein- und Ausgangs Ihrer Verpackungen.<\/li>\n<li>Erstellung eines Umweltberichts \u00fcber die zur Wiederverwendung\u00a0aufbereiteten<br \/>\nPalettenboxen.<\/li>\n<\/ul>\n<p>Totalplast verf\u00fcgt \u00fcber die geeigneten Vorrichtungen zur professionellen Reinigung Ihrer Verpackungen, sowohl vor als auch nach der Reparatur. Wenn Sie wissen m\u00f6chten, was wir f\u00fcr Sie tun k\u00f6nnen, nehmen Sie bitte\u00a0<a href=\"http:\/\/totalplast.nl\/contact\/\"><strong>Kontakt<\/strong><\/a>\u00a0\u00fcber die Kontaktseite\u00a0auf.<\/p>\n<\/div>\n<p><\/p>","protected":false},"excerpt":{"rendered":"<p>Totalplast bietet eine breite Palette von M\u00f6glichkeiten f\u00fcr die Registrierung Ihrer Palettenboxen, Dolav-Produkte und anderer Verpackungen. Eine Registrierung hat die folgenden Vorteile: Identifizierung durch Anbringen Ihres Firmennamens oder Ihrer Initialen. \u00dcbersicht der Anzahl der Palettenboxen, die Sie aktuell verwenden. \u00dcbersicht \u00fcber die Ausfallrate. Registrierung des Ein- und Ausgangs Ihrer Verpackungen. Erstellung eines Umweltberichts \u00fcber die zur Wiederverwendung\u00a0aufbereiteten Palettenboxen. Totalplast verf\u00fcgt&#8230;<\/p>\n","protected":false},"author":1,"featured_media":160,"parent":0,"menu_order":0,"comment_status":"closed","ping_status":"closed","template":"page.php","meta":[],"_links":{"self":[{"href":"https:\/\/totalplast.nl\/de\/wp-json\/wp\/v2\/pages\/37"}],"collection":[{"href":"https:\/\/totalplast.nl\/de\/wp-json\/wp\/v2\/pages"}],"about":[{"href":"https:\/\/totalplast.nl\/de\/wp-json\/wp\/v2\/types\/page"}],"author":[{"embeddable":true,"href":"https:\/\/totalplast.nl\/de\/wp-json\/wp\/v2\/users\/1"}],"replies":[{"embeddable":true,"href":"https:\/\/totalplast.nl\/de\/wp-json\/wp\/v2\/comments?post=37"}],"version-history":[{"count":8,"href":"https:\/\/totalplast.nl\/de\/wp-json\/wp\/v2\/pages\/37\/revisions"}],"predecessor-version":[{"id":629,"href":"https:\/\/totalplast.nl\/de\/wp-json\/wp\/v2\/pages\/37\/revisions\/629"}],"wp:featuredmedia":[{"embeddable":true,"href":"https:\/\/totalplast.nl\/de\/wp-json\/wp\/v2\/media\/160"}],"wp:attachment":[{"href":"https:\/\/totalplast.nl\/de\/wp-json\/wp\/v2\/media?parent=37"}],"curies":[{"name":"wp","href":"https:\/\/api.w.org\/{rel}","templated":true}]}}