{"id":26,"date":"2018-10-30T12:09:27","date_gmt":"2018-10-30T12:09:27","guid":{"rendered":"http:\/\/totalplast.nl\/?page_id=26"},"modified":"2020-07-17T14:24:06","modified_gmt":"2020-07-17T14:24:06","slug":"logistiek","status":"publish","type":"page","link":"https:\/\/totalplast.nl\/de\/logistiek\/","title":{"rendered":"Logistik"},"content":{"rendered":"<p><\/p>\n<div class=\"paragraph\">\n<p>Auch in Sachen Logistik ist Totalplast auf allen M\u00e4rkten zuhause.<\/p>\n<p>Grunds\u00e4tzlich bietet Totalplast die folgenden zwei M\u00f6glichkeiten:<\/p>\n<ol>\n<li>Reparatur vor Ort durch unsere mobilen Teams<\/li>\n<li>Reparatur in unserer eigenen Werkstatt, auf Wunsch mit Transport durch Totalplast. Es werden kundenspezifische Vereinbarungen u.a. \u00fcber die Durchlaufzeit und Transportfrequenz getroffen.<\/li>\n<\/ol>\n<p>F\u00fcr weitere Informationen \u00fcber die logistischen M\u00f6glichkeiten nehmen Sie bitte\u00a0<a href=\"http:\/\/totalplast.nl\/contact\/\"><strong>Kontakt<\/strong><\/a>\u00a0mit uns auf!<\/p>\n<\/div>\n<p><\/p>","protected":false},"excerpt":{"rendered":"<p>Auch in Sachen Logistik ist Totalplast auf allen M\u00e4rkten zuhause. Grunds\u00e4tzlich bietet Totalplast die folgenden zwei M\u00f6glichkeiten: Reparatur vor Ort durch unsere mobilen Teams Reparatur in unserer eigenen Werkstatt, auf Wunsch mit Transport durch Totalplast. Es werden kundenspezifische Vereinbarungen u.a. \u00fcber die Durchlaufzeit und Transportfrequenz getroffen. F\u00fcr weitere Informationen \u00fcber die logistischen M\u00f6glichkeiten nehmen Sie bitte\u00a0Kontakt\u00a0mit uns auf!<\/p>\n","protected":false},"author":1,"featured_media":0,"parent":0,"menu_order":0,"comment_status":"closed","ping_status":"closed","template":"page.php","meta":[],"_links":{"self":[{"href":"https:\/\/totalplast.nl\/de\/wp-json\/wp\/v2\/pages\/26"}],"collection":[{"href":"https:\/\/totalplast.nl\/de\/wp-json\/wp\/v2\/pages"}],"about":[{"href":"https:\/\/totalplast.nl\/de\/wp-json\/wp\/v2\/types\/page"}],"author":[{"embeddable":true,"href":"https:\/\/totalplast.nl\/de\/wp-json\/wp\/v2\/users\/1"}],"replies":[{"embeddable":true,"href":"https:\/\/totalplast.nl\/de\/wp-json\/wp\/v2\/comments?post=26"}],"version-history":[{"count":8,"href":"https:\/\/totalplast.nl\/de\/wp-json\/wp\/v2\/pages\/26\/revisions"}],"predecessor-version":[{"id":634,"href":"https:\/\/totalplast.nl\/de\/wp-json\/wp\/v2\/pages\/26\/revisions\/634"}],"wp:attachment":[{"href":"https:\/\/totalplast.nl\/de\/wp-json\/wp\/v2\/media?parent=26"}],"curies":[{"name":"wp","href":"https:\/\/api.w.org\/{rel}","templated":true}]}}