{"id":24,"date":"2018-10-30T12:09:19","date_gmt":"2018-10-30T12:09:19","guid":{"rendered":"http:\/\/totalplast.nl\/?page_id=24"},"modified":"2020-07-17T14:07:06","modified_gmt":"2020-07-17T14:07:06","slug":"recycling","status":"publish","type":"page","link":"https:\/\/totalplast.nl\/de\/recycling\/","title":{"rendered":"Recycling"},"content":{"rendered":"<p><\/p>\n<p style=\"line-height: 18.75pt; background: white; margin: 0cm 0cm 7.5pt 0cm;\"><span style=\"font-size: 11.5pt; font-family: 'gillsans',serif; color: #2b2b2b;\">Recycling\u2026..auch Ihre irreparablen Kunststoffverpackungen sind oft noch\u00a0Geld wert! In vielen F\u00e4llen kann mit Kunststoffverpackungen immer noch Geld verdient werden. Totalplast ist hierbei ein zuverl\u00e4ssiger Partner. Kundenspezifisch<br \/>\nerhalten Sie periodisch eine komplette \u00dcbersicht mit dem entsprechenden zertifizierten Umweltbericht. Bitte kontaktieren Sie uns f\u00fcr weitere Informationen \u00fcber Kunststoffabfallentsorgung und Abfallpreise. Die Abfallpreise sind an die aktuellen \u00d6lpreise gebunden und k\u00f6nnen daher schwanken.<\/span><\/p>\n<p style=\"line-height: 18.75pt; background: white; margin: 0cm 0cm 7.5pt 0cm;\"><strong><span style=\"font-size: 11.5pt; font-family: 'gillsans',serif; color: #2b2b2b;\">Umweltbewusst<\/span><\/strong><span style=\"font-size: 11.5pt; font-family: 'gillsans',serif; color: #2b2b2b;\"><br \/>\nDurch Recycling und Wiederverwendung des Kunststoffs wird die Umweltbelastung minimiert. Auf diese Weise tr\u00e4gt auch Totalplast zur Verringerung des \u00f6kologischen Fu\u00dfabdrucks Ihres Unternehmens bei!<\/span><\/p>\n<p><\/p>","protected":false},"excerpt":{"rendered":"<p>Recycling\u2026..auch Ihre irreparablen Kunststoffverpackungen sind oft noch\u00a0Geld wert! In vielen F\u00e4llen kann mit Kunststoffverpackungen immer noch Geld verdient werden. Totalplast ist hierbei ein zuverl\u00e4ssiger Partner. Kundenspezifisch erhalten Sie periodisch eine komplette \u00dcbersicht mit dem entsprechenden zertifizierten Umweltbericht. Bitte kontaktieren Sie uns f\u00fcr weitere Informationen \u00fcber Kunststoffabfallentsorgung und Abfallpreise. Die Abfallpreise sind an die aktuellen \u00d6lpreise gebunden und k\u00f6nnen daher schwanken&#8230;.<\/p>\n","protected":false},"author":1,"featured_media":320,"parent":0,"menu_order":0,"comment_status":"closed","ping_status":"closed","template":"page.php","meta":[],"_links":{"self":[{"href":"https:\/\/totalplast.nl\/de\/wp-json\/wp\/v2\/pages\/24"}],"collection":[{"href":"https:\/\/totalplast.nl\/de\/wp-json\/wp\/v2\/pages"}],"about":[{"href":"https:\/\/totalplast.nl\/de\/wp-json\/wp\/v2\/types\/page"}],"author":[{"embeddable":true,"href":"https:\/\/totalplast.nl\/de\/wp-json\/wp\/v2\/users\/1"}],"replies":[{"embeddable":true,"href":"https:\/\/totalplast.nl\/de\/wp-json\/wp\/v2\/comments?post=24"}],"version-history":[{"count":7,"href":"https:\/\/totalplast.nl\/de\/wp-json\/wp\/v2\/pages\/24\/revisions"}],"predecessor-version":[{"id":628,"href":"https:\/\/totalplast.nl\/de\/wp-json\/wp\/v2\/pages\/24\/revisions\/628"}],"wp:featuredmedia":[{"embeddable":true,"href":"https:\/\/totalplast.nl\/de\/wp-json\/wp\/v2\/media\/320"}],"wp:attachment":[{"href":"https:\/\/totalplast.nl\/de\/wp-json\/wp\/v2\/media?parent=24"}],"curies":[{"name":"wp","href":"https:\/\/api.w.org\/{rel}","templated":true}]}}