{"id":20,"date":"2018-10-30T12:08:27","date_gmt":"2018-10-30T12:08:27","guid":{"rendered":"http:\/\/totalplast.nl\/?page_id=20"},"modified":"2020-07-17T14:22:25","modified_gmt":"2020-07-17T14:22:25","slug":"kostenbesparing","status":"publish","type":"page","link":"https:\/\/totalplast.nl\/de\/kostenbesparing\/","title":{"rendered":"Kostenersparnis"},"content":{"rendered":"<p>Totalplast tr\u00e4gt auf verschiedenen\u00a0Wegen zur Kostenersparnis bei, n\u00e4mlich:<\/p>\n<ul>\n<li>Reparatur anstatt Anschaffung neuer Kunststoffverpackungen.<\/li>\n<li>Ausschlachten mit entsprechender aktueller Verg\u00fctung statt \u201eherk\u00f6mmlicher Entsorgung&#8220;.<\/li>\n<li>Schnelle Durchlaufzeiten, so dass Sie keine gro\u00dfen Verpackungs\u00fcbersch\u00fcsse ben\u00f6tigen.<\/li>\n<li>Ausgezeichnetes Preis- \/ Qualit\u00e4tsverh\u00e4ltnis, das Sie nur bei Totalplast finden<\/li>\n<\/ul>\n<p><\/p>","protected":false},"excerpt":{"rendered":"<p>Totalplast tr\u00e4gt auf verschiedenen\u00a0Wegen zur Kostenersparnis bei, n\u00e4mlich: Reparatur anstatt Anschaffung neuer Kunststoffverpackungen. Ausschlachten mit entsprechender aktueller Verg\u00fctung statt \u201eherk\u00f6mmlicher Entsorgung&#8220;. Schnelle Durchlaufzeiten, so dass Sie keine gro\u00dfen Verpackungs\u00fcbersch\u00fcsse ben\u00f6tigen. Ausgezeichnetes Preis- \/ Qualit\u00e4tsverh\u00e4ltnis, das Sie nur bei Totalplast finden<\/p>\n","protected":false},"author":1,"featured_media":0,"parent":0,"menu_order":0,"comment_status":"closed","ping_status":"closed","template":"","meta":[],"_links":{"self":[{"href":"https:\/\/totalplast.nl\/de\/wp-json\/wp\/v2\/pages\/20"}],"collection":[{"href":"https:\/\/totalplast.nl\/de\/wp-json\/wp\/v2\/pages"}],"about":[{"href":"https:\/\/totalplast.nl\/de\/wp-json\/wp\/v2\/types\/page"}],"author":[{"embeddable":true,"href":"https:\/\/totalplast.nl\/de\/wp-json\/wp\/v2\/users\/1"}],"replies":[{"embeddable":true,"href":"https:\/\/totalplast.nl\/de\/wp-json\/wp\/v2\/comments?post=20"}],"version-history":[{"count":9,"href":"https:\/\/totalplast.nl\/de\/wp-json\/wp\/v2\/pages\/20\/revisions"}],"predecessor-version":[{"id":633,"href":"https:\/\/totalplast.nl\/de\/wp-json\/wp\/v2\/pages\/20\/revisions\/633"}],"wp:attachment":[{"href":"https:\/\/totalplast.nl\/de\/wp-json\/wp\/v2\/media?parent=20"}],"curies":[{"name":"wp","href":"https:\/\/api.w.org\/{rel}","templated":true}]}}