{"id":16,"date":"2018-10-29T13:34:40","date_gmt":"2018-10-29T13:34:40","guid":{"rendered":"http:\/\/totalplast.nl\/?page_id=16"},"modified":"2023-03-29T14:59:33","modified_gmt":"2023-03-29T14:59:33","slug":"maatwerk","status":"publish","type":"page","link":"https:\/\/totalplast.nl\/de\/maatwerk\/","title":{"rendered":"Ma\u00dfarbeit"},"content":{"rendered":"<p><\/p>\n<div class=\"paragraph\">\n<p>Haben Sie spezielle W\u00fcnsche f\u00fcr Ihre Kunststoffverpackungen? Totalplast denkt auch gerne mit Ihnen mit, wenn es um Ma\u00dfarbeit geht! Unsere Mitarbeiter verf\u00fcgen \u00fcber umfangreiche Erfahrung im Bereich der kundenspezifischen L\u00f6sungen. Wir stehen f\u00fcr Erweiterungen, Erh\u00f6hungen oder andere spezifische Auftr\u00e4ge zu Ihrer Verf\u00fcgung. M\u00f6chten Sie wissen, was wir auf dem Gebiet der Ma\u00dfarbeit f\u00fcr Sie tun k\u00f6nnen, nehmen Sie direkt\u00a0<a href=\"http:\/\/totalplast.nl\/contact\/\">Kontakt<\/a>\u00a0mit uns auf! Nachstehend finden Sie einige Beispiele f\u00fcr Auftr\u00e4ge von unseren zufriedenen Kunden.<\/p>\n<\/div>\n<p><\/p>","protected":false},"excerpt":{"rendered":"<p>Haben Sie spezielle W\u00fcnsche f\u00fcr Ihre Kunststoffverpackungen? Totalplast denkt auch gerne mit Ihnen mit, wenn es um Ma\u00dfarbeit geht! Unsere Mitarbeiter verf\u00fcgen \u00fcber umfangreiche Erfahrung im Bereich der kundenspezifischen L\u00f6sungen. Wir stehen f\u00fcr Erweiterungen, Erh\u00f6hungen oder andere spezifische Auftr\u00e4ge zu Ihrer Verf\u00fcgung. M\u00f6chten Sie wissen, was wir auf dem Gebiet der Ma\u00dfarbeit f\u00fcr Sie tun k\u00f6nnen, nehmen Sie direkt\u00a0Kontakt\u00a0mit uns&#8230;<\/p>\n","protected":false},"author":1,"featured_media":339,"parent":0,"menu_order":0,"comment_status":"closed","ping_status":"closed","template":"","meta":[],"_links":{"self":[{"href":"https:\/\/totalplast.nl\/de\/wp-json\/wp\/v2\/pages\/16"}],"collection":[{"href":"https:\/\/totalplast.nl\/de\/wp-json\/wp\/v2\/pages"}],"about":[{"href":"https:\/\/totalplast.nl\/de\/wp-json\/wp\/v2\/types\/page"}],"author":[{"embeddable":true,"href":"https:\/\/totalplast.nl\/de\/wp-json\/wp\/v2\/users\/1"}],"replies":[{"embeddable":true,"href":"https:\/\/totalplast.nl\/de\/wp-json\/wp\/v2\/comments?post=16"}],"version-history":[{"count":22,"href":"https:\/\/totalplast.nl\/de\/wp-json\/wp\/v2\/pages\/16\/revisions"}],"predecessor-version":[{"id":1829,"href":"https:\/\/totalplast.nl\/de\/wp-json\/wp\/v2\/pages\/16\/revisions\/1829"}],"wp:featuredmedia":[{"embeddable":true,"href":"https:\/\/totalplast.nl\/de\/wp-json\/wp\/v2\/media\/339"}],"wp:attachment":[{"href":"https:\/\/totalplast.nl\/de\/wp-json\/wp\/v2\/media?parent=16"}],"curies":[{"name":"wp","href":"https:\/\/api.w.org\/{rel}","templated":true}]}}