{"id":14,"date":"2018-10-29T13:34:34","date_gmt":"2018-10-29T13:34:34","guid":{"rendered":"http:\/\/totalplast.nl\/?page_id=14"},"modified":"2020-07-17T14:56:59","modified_gmt":"2020-07-17T14:56:59","slug":"reparatie-op-locatie","status":"publish","type":"page","link":"https:\/\/totalplast.nl\/de\/reparatie-op-locatie\/","title":{"rendered":"Reparatur vor Ort"},"content":{"rendered":"<p><\/p>\n<div class=\"paragraph\">\n<p>Durch die komplett ausgestatteten Busse bietet Totalplast auch die M\u00f6glichkeit von Reparaturen vor Ort.\u00a0Unser mobiles Team arbeitet selbstst\u00e4ndig und repariert alle besch\u00e4digten Palettenboxen sehr effizient. Falls Palettenboxen nicht mehr repariert werden k\u00f6nnen, werden die verwendbaren Teile wiederverwertet und der Abfall wird von den reparierten Palettenboxen getrennt. Die Reparatur vor Ort bedeutet, dass die Palettenboxen Ihr Gel\u00e4nde nicht verlassen und sofort wieder im Produktionsprozess eingesetzt werden k\u00f6nnen. Dies macht den Reparaturprozess klar und transparent.<\/p>\n<\/div>\n<p><\/p>","protected":false},"excerpt":{"rendered":"<p>Durch die komplett ausgestatteten Busse bietet Totalplast auch die M\u00f6glichkeit von Reparaturen vor Ort.\u00a0Unser mobiles Team arbeitet selbstst\u00e4ndig und repariert alle besch\u00e4digten Palettenboxen sehr effizient. Falls Palettenboxen nicht mehr repariert werden k\u00f6nnen, werden die verwendbaren Teile wiederverwertet und der Abfall wird von den reparierten Palettenboxen getrennt. Die Reparatur vor Ort bedeutet, dass die Palettenboxen Ihr Gel\u00e4nde nicht verlassen und sofort&#8230;<\/p>\n","protected":false},"author":1,"featured_media":404,"parent":0,"menu_order":0,"comment_status":"closed","ping_status":"closed","template":"page.php","meta":[],"_links":{"self":[{"href":"https:\/\/totalplast.nl\/de\/wp-json\/wp\/v2\/pages\/14"}],"collection":[{"href":"https:\/\/totalplast.nl\/de\/wp-json\/wp\/v2\/pages"}],"about":[{"href":"https:\/\/totalplast.nl\/de\/wp-json\/wp\/v2\/types\/page"}],"author":[{"embeddable":true,"href":"https:\/\/totalplast.nl\/de\/wp-json\/wp\/v2\/users\/1"}],"replies":[{"embeddable":true,"href":"https:\/\/totalplast.nl\/de\/wp-json\/wp\/v2\/comments?post=14"}],"version-history":[{"count":10,"href":"https:\/\/totalplast.nl\/de\/wp-json\/wp\/v2\/pages\/14\/revisions"}],"predecessor-version":[{"id":638,"href":"https:\/\/totalplast.nl\/de\/wp-json\/wp\/v2\/pages\/14\/revisions\/638"}],"wp:featuredmedia":[{"embeddable":true,"href":"https:\/\/totalplast.nl\/de\/wp-json\/wp\/v2\/media\/404"}],"wp:attachment":[{"href":"https:\/\/totalplast.nl\/de\/wp-json\/wp\/v2\/media?parent=14"}],"curies":[{"name":"wp","href":"https:\/\/api.w.org\/{rel}","templated":true}]}}